{"id":6666,"date":"2024-02-19T12:28:30","date_gmt":"2024-02-19T12:28:30","guid":{"rendered":"https:\/\/wstudio.gr\/datenschutzpolitik\/"},"modified":"2024-02-19T12:28:30","modified_gmt":"2024-02-19T12:28:30","slug":"datenschutzpolitik","status":"publish","type":"page","link":"https:\/\/wstudio.gr\/de\/datenschutzpolitik\/","title":{"rendered":"DATENSCHUTZPOLITIK"},"content":{"rendered":"<p>Datenschutzerkl\u00e4rung (19. Februar 2024)<br \/>\n<strong>Datenschutzerkl\u00e4rung<\/strong>.<\/p>\n<p>Die Achtung und der Schutz Ihrer pers\u00f6nlichen Daten ist uns eine Verpflichtung. Wir verstehen und nehmen ernst, was Sie wissen und was Ihnen an Ihren pers\u00f6nlichen Daten wichtig ist.<\/p>\n<p>In dieser Datenschutzerkl\u00e4rung wird beschrieben, welche personenbezogenen Daten wir \u00fcber Sie erfassen, wie wir Ihre personenbezogenen Daten nutzen und sch\u00fctzen und welche Wahlm\u00f6glichkeiten Sie bei der Nutzung dieser Daten haben.<\/p>\n<p>Wir sind uns bewusst, dass der Schutz personenbezogener Daten eine st\u00e4ndige Verpflichtung ist, daher werden wir diese Erkl\u00e4rung von Zeit zu Zeit aktualisieren und erg\u00e4nzen. Bitte besuchen Sie unsere Website www.ensurance.gr von Zeit zu Zeit, um sicherzustellen, dass Sie \u00fcber alle \u00c4nderungen informiert und damit einverstanden sind.<\/p>\n<p><strong>1. Welche pers\u00f6nlichen Daten wir \u00fcber Sie sammeln<\/strong>.<\/p>\n<p>Die personenbezogenen Daten, die wir \u00fcber Sie verarbeiten, h\u00e4ngen von unserer Beziehung zu Ihnen ab, einschlie\u00dflich der Art der Kommunikation zwischen uns und den Produkten und Dienstleistungen, die wir Ihnen anbieten.<\/p>\n<p>2. Abh\u00e4ngig von unserer Gesch\u00e4ftsbeziehung speichern und verarbeiten wir die folgenden personenbezogenen Daten:<\/p>\n<p>2.1 Versicherungsdaten. Wir erheben Ihre personenbezogenen Daten und\/oder Daten besonderer Kategorien, die f\u00fcr die Durchf\u00fchrung einer Versicherungsuntersuchung erforderlich sind.<\/p>\n<p>2.2 Kontaktinformationen. Wir erfassen Ihre personenbezogenen Daten wie z. B. Telefonnummer, Firmenname, Adresse usw., um Ihre Anfragen zu beantworten und Ihnen bessere und schnellere Dienstleistungen zu bieten.<\/p>\n<p>2.3 E-Mail Adresse. Wir erfassen die E-Mail-Adressen unserer Kunden und der Kontaktpersonen unserer Kunden, wenn diese ihr Interesse an den Dienstleistungen \u00fcber die Website www.wstudio.gr bekunden.<\/p>\n<p>2.4 Staatliche und andere offizielle Identifikationsnummern. Wir erfassen Ihre Sozialversicherungsnummer, Identifikationsnummer, Steuerzahler-Identifikationsnummer, F\u00fchrerscheinnummer oder eine andere von der Regierung ausgegebene Identifikationsnummer.<\/p>\n<p><strong>3. Wie wir Ihre personenbezogenen Daten verwenden (verarbeiten)<\/strong>.<\/p>\n<p>Wir verwenden Ihre personenbezogenen Daten f\u00fcr die folgenden Zwecke:<\/p>\n<p>3.1 Um Sie im Rahmen der Erf\u00fcllung unserer Verpflichtungen aus dem Vertragsverh\u00e4ltnis zu kontaktieren.<\/p>\n<p>3.2 Um Beurteilungen und Entscheidungen im Zusammenhang mit der Erbringung und Regulierung von Sch\u00e4den und der Erbringung von Assistance- und anderen Dienstleistungen zu treffen.<\/p>\n<p>3.3 Zur Erbringung von Versicherungs-, Schadens- und Beistandsleistungen, einschlie\u00dflich Schadensbewertung, -verwaltung, -regulierung und Streitbeilegung.<\/p>\n<p>3.4 Zur Durchsetzung und zum Schutz unserer gesetzlichen Rechte und zum Schutz unserer Privatsph\u00e4re, unserer Sicherheit oder unserer Verm\u00f6genswerte sowie Ihrer, anderer oder Dritter.<\/p>\n<p><strong>4. Woher wir Ihre personenbezogenen Daten sammeln<\/strong>.<\/p>\n<p>Ihre personenbezogenen Daten werden aus einer Vielzahl von Quellen erhoben, darunter:<\/p>\n<p>4.1 Telefonanrufe, E-Mails, Meetings und andere Kommunikation.<\/p>\n<p>4.2 Von Dienstleistern, Maklern und Vertretern mit Ihrer Zustimmung.<\/p>\n<p>4.3 Von unseren Websites.<\/p>\n<p>4.4 Von Softwareanwendungen, die wir auf Computern und anderen mobilen Ger\u00e4ten installieren.<\/p>\n<p>5. Rechtsgrundlage f\u00fcr die Verarbeitung Ihrer personenbezogenen Daten<\/p>\n<p>5.1 Die Verarbeitung Ihrer personenbezogenen Daten und\/oder besonderer Kategorien personenbezogener Daten erfolgt zu dem Zweck, Ihnen unsere Dienstleistungen auf der Grundlage des Abschlusses und der Erf\u00fcllung eines Vertrags oder &#8211; auf Ihren Wunsch &#8211; vorbereitender Ma\u00dfnahmen f\u00fcr den Abschluss und die Erf\u00fcllung eines Vertrags zu erbringen.<\/p>\n<p>Insbesondere erfolgt die Verarbeitung besonderer Kategorien personenbezogener Daten entweder auf Grundlage einer Einwilligung oder auf einer anderen Rechtsgrundlage im Einklang mit der Datenschutzgrundverordnung (EU) 2016\/679. Alle personenbezogenen Daten sind f\u00fcr die Erf\u00fcllung des Versicherungsvertrags erforderlich.<\/p>\n<p>5.2 In einigen F\u00e4llen ist die Verarbeitung Ihrer personenbezogenen Daten und\/oder besonderer Kategorien erforderlich, um unsere berechtigten Interessen zu erf\u00fcllen oder damit wir nationales und\/oder europ\u00e4isches Recht einhalten k\u00f6nnen.<\/p>\n<p><strong>6. Aufbewahrungsfrist f\u00fcr Ihre personenbezogenen Daten<\/strong><\/p>\n<p>6.1 Wenn wir Ihnen ein Produkt oder eine Dienstleistung zur Verf\u00fcgung stellen, wie z.B. Webdesign und -entwicklung, Logodesign, Entwicklung einer Corporate Identity usw., werden wir Ihre personenbezogenen Daten und besonderen Kategorien personenbezogener Daten f\u00fcr die Dauer unserer Zusammenarbeit und in jedem Fall bis zum Ablauf der Verj\u00e4hrungsfrist etwaiger gegenseitiger Anspr\u00fcche aufbewahren, es sei denn, gesetzliche Bestimmungen schreiben eine zus\u00e4tzliche Frist vor.<\/p>\n<p>6.2 Wenn wir zur Erf\u00fcllung gesetzlicher oder beh\u00f6rdlicher Verpflichtungen verpflichtet sind, werden wir Ihre personenbezogenen Daten und personenbezogenen Daten besonderer Kategorien mindestens so lange aufbewahren, wie dies zur Erf\u00fcllung dieser Verpflichtungen erforderlich ist.<\/p>\n<p><strong>7. Die von uns getroffenen Ma\u00dfnahmen zum Schutz Ihrer Daten<\/strong><\/p>\n<p>Wenn Sie uns Ihre personenbezogenen Daten zur Verf\u00fcgung stellen, ergreifen wir Ma\u00dfnahmen, um sicherzustellen, dass diese sicher gespeichert werden. Wir ergreifen physische, technische und organisatorische Ma\u00dfnahmen, um Ihre personenbezogenen Daten zu sch\u00fctzen. Wir aktualisieren und \u00fcberwachen die von uns verwendeten Sicherheitstechnologien kontinuierlich. Wir beschr\u00e4nken den Zugriff auf Ihre personenbezogenen Daten auf diejenigen Mitarbeiter, die diese Daten kennen m\u00fcssen, um Ihnen Leistungen oder Dienste anbieten zu k\u00f6nnen. Dar\u00fcber hinaus schulen wir unsere Mitarbeiter darin, wie wichtig es ist, die Vertraulichkeit, die Privatsph\u00e4re und die Sicherheit Ihrer personenbezogenen Daten zu wahren. Wir haben unter anderem die folgenden technischen und organisatorischen Ma\u00dfnahmen und Verfahren eingef\u00fchrt, um Ihre personenbezogenen Daten vor Verlust, Ver\u00e4nderung, unrechtm\u00e4\u00dfiger Verarbeitung oder Modifizierung zu sch\u00fctzen:<\/p>\n<p>&#8211; Verschl\u00fcsselung<\/p>\n<p>&#8211; Kryptographie, Verschl\u00fcsselung, Erkennung und Management von Sicherheitsverletzungen.<\/p>\n<p>&#8211; Ma\u00dfnahmen, die sicherstellen, dass der physische Zugang zu unseren digitalen Speichermedien beschr\u00e4nkt ist.<\/p>\n<p>&#8211; Festlegung individueller Verfahren f\u00fcr die Speicherung personenbezogener Daten und deren sichere L\u00f6schung\/Vernichtung.<\/p>\n<p><strong>8. Wann und wie geben wir Ihre personenbezogenen Daten an andere weiter?&#8220;<\/strong><\/p>\n<p>8.1 Ihre PII sowie Ihre CSRs k\u00f6nnen im Rahmen der Erf\u00fcllung des abgeschlossenen Versicherungsvertrages an nat\u00fcrliche oder juristische Personen \u00fcbermittelt werden. Empf\u00e4nger Ihrer Daten k\u00f6nnen auch medizinische Einrichtungen, \u00c4rzte, Beh\u00f6rden, Gutachter, Versicherungsgesellschaften und Vermittler zur Erf\u00fcllung der Bedingungen des Versicherungsvertrags sein.<\/p>\n<p>8.2 Bei jeder \u00dcbermittlung werden wir stets alle Ma\u00dfnahmen ergreifen, um sicherzustellen, dass die \u00fcbermittelten Daten stets auf das erforderliche Mindestma\u00df beschr\u00e4nkt sind und dass die Voraussetzungen f\u00fcr eine rechtm\u00e4\u00dfige und faire Verarbeitung stets erf\u00fcllt sind.<\/p>\n<p><strong>9. Ihre Rechte<\/strong>.<\/p>\n<p>Sie haben das Recht, Zugang zu Ihren personenbezogenen Daten zu verlangen, die wir verarbeiten. Dar\u00fcber hinaus haben Sie die folgenden Rechte:<\/p>\n<p>9.1 Das Recht, Ihre personenbezogenen Daten berichtigen oder l\u00f6schen zu lassen (unter bestimmten Umst\u00e4nden).<\/p>\n<p>9.2 Das Recht auf Einschr\u00e4nkung der Verarbeitung oder auf Widerspruch gegen die Verarbeitung Ihrer personenbezogenen Daten.<\/p>\n<p>9.3 Das Recht (unter bestimmten Umst\u00e4nden), Ihre personenbezogenen Daten zur anderweitigen Verwendung zu erhalten.<\/p>\n<p>9.4 Wenn wir Ihre personenbezogenen Daten auf der Grundlage Ihrer Einwilligung verarbeiten, haben Sie au\u00dferdem das Recht, Ihre Einwilligung jederzeit zu widerrufen, wodurch die Rechtm\u00e4\u00dfigkeit der Verarbeitung f\u00fcr den Zeitraum vor dem Widerruf Ihrer Einwilligung nicht ber\u00fchrt wird.<\/p>\n<p>Schlie\u00dflich haben Sie das Recht, bei der zust\u00e4ndigen unabh\u00e4ngigen griechischen Beh\u00f6rde, der Griechischen Datenschutzbeh\u00f6rde (http:\/\/www.dpa.gr\/), eine Beschwerde einzureichen.<\/p>\n<p><strong>10. Wie k\u00f6nnen Sie uns kontaktieren?<\/strong><\/p>\n<p>Sie k\u00f6nnen uns in jeder Angelegenheit bez\u00fcglich der Verarbeitung Ihrer personenbezogenen Daten oder unserer Verwendung von Cookies kontaktieren oder Ihre Rechte aus\u00fcben, indem Sie das Kontaktformular auf unserer Website verwenden oder eine E-Mail an info@wstudio.gr senden.<\/p>\n<p>Wir haben einen Datenschutzbeauftragten ernannt, den Sie per E-Mail an info@wstudio.gr erreichen k\u00f6nnen.<\/p>\n<p>11. Informationen zur Ver\u00f6ffentlichung &#8211; \u00c4nderungen und Aktualisierungen<\/p>\n<p>Diese Erkl\u00e4rung wurde zuletzt am 19\/02\/2020 aktualisiert.<\/p>\n<p>Wir behalten uns das Recht vor, diese Erkl\u00e4rung jederzeit und ohne Angabe von Gr\u00fcnden zu \u00e4ndern oder zu erg\u00e4nzen, ohne Sie davon in Kenntnis zu setzen, es sei denn, wir ver\u00f6ffentlichen die aktualisierte Erkl\u00e4rung auf unserer Website. Sie sollten unsere Website h\u00e4ufig besuchen, um sich \u00fcber aktuelle und geltende Datenschutzerkl\u00e4rungen zu informieren.<\/p>\n<div id=\"gtx-trans\" style=\"position: absolute; left: 256px; top: 61.8px;\">\n<div class=\"gtx-trans-icon\"><\/div>\n<\/div>\n","protected":false},"excerpt":{"rendered":"<p>Datenschutzerkl\u00e4rung (19. Februar 2024) Datenschutzerkl\u00e4rung. Die Achtung und der Schutz Ihrer pers\u00f6nlichen Daten ist uns eine Verpflichtung. Wir verstehen und nehmen ernst, was Sie wissen und was Ihnen an Ihren pers\u00f6nlichen Daten wichtig ist. In dieser Datenschutzerkl\u00e4rung wird beschrieben, welche personenbezogenen Daten wir \u00fcber Sie erfassen, wie wir Ihre personenbezogenen Daten nutzen und sch\u00fctzen und welche Wahlm\u00f6glichkeiten Sie bei der Nutzung dieser Daten haben. Wir sind uns bewusst, dass der Schutz personenbezogener Daten eine st\u00e4ndige Verpflichtung ist, daher werden wir&#8230;<\/p>\n","protected":false},"author":1,"featured_media":0,"parent":0,"menu_order":0,"comment_status":"closed","ping_status":"closed","template":"","meta":{"_monsterinsights_skip_tracking":false,"_monsterinsights_sitenote_active":false,"_monsterinsights_sitenote_note":"","_monsterinsights_sitenote_category":0,"footnotes":""},"class_list":["post-6666","page","type-page","status-publish","hentry"],"aioseo_notices":[],"_links":{"self":[{"href":"https:\/\/wstudio.gr\/de\/wp-json\/wp\/v2\/pages\/6666","targetHints":{"allow":["GET"]}}],"collection":[{"href":"https:\/\/wstudio.gr\/de\/wp-json\/wp\/v2\/pages"}],"about":[{"href":"https:\/\/wstudio.gr\/de\/wp-json\/wp\/v2\/types\/page"}],"author":[{"embeddable":true,"href":"https:\/\/wstudio.gr\/de\/wp-json\/wp\/v2\/users\/1"}],"replies":[{"embeddable":true,"href":"https:\/\/wstudio.gr\/de\/wp-json\/wp\/v2\/comments?post=6666"}],"version-history":[{"count":0,"href":"https:\/\/wstudio.gr\/de\/wp-json\/wp\/v2\/pages\/6666\/revisions"}],"wp:attachment":[{"href":"https:\/\/wstudio.gr\/de\/wp-json\/wp\/v2\/media?parent=6666"}],"curies":[{"name":"wp","href":"https:\/\/api.w.org\/{rel}","templated":true}]}}